{"id":1164,"date":"2025-01-10T16:24:51","date_gmt":"2025-01-10T13:24:51","guid":{"rendered":"https:\/\/egeciftligi.com.tr\/?post_type=product&#038;p=1164"},"modified":"2025-08-05T17:46:43","modified_gmt":"2025-08-05T14:46:43","slug":"d-urun","status":"publish","type":"product","link":"https:\/\/egeciftligi.com.tr\/?product=d-urun","title":{"rendered":"KAKAOLU TADIBU FINDIK EZMES\u0130"},"content":{"rendered":"<article class=\"text-token-text-primary w-full focus:outline-none scroll-mt-[calc(var(--header-height)+min(200px,max(70px,20svh)))]\" dir=\"auto\" tabindex=\"-1\" data-testid=\"conversation-turn-4\" data-scroll-anchor=\"true\" data-turn=\"assistant\">\n<div class=\"text-base my-auto mx-auto pb-10 [--thread-content-margin:--spacing(4)] @[37rem]:[--thread-content-margin:--spacing(6)] @[72rem]:[--thread-content-margin:--spacing(16)] px-(--thread-content-margin)\">\n<div class=\"[--thread-content-max-width:32rem] @[34rem]:[--thread-content-max-width:40rem] @[64rem]:[--thread-content-max-width:48rem] mx-auto max-w-(--thread-content-max-width) flex-1 group\/turn-messages focus-visible:outline-hidden relative flex w-full min-w-0 flex-col agent-turn\" tabindex=\"-1\">\n<div class=\"flex max-w-full flex-col grow\">\n<div class=\"min-h-8 text-message relative flex w-full flex-col items-end gap-2 text-start break-words whitespace-normal [.text-message+&amp;]:mt-5\" dir=\"auto\" data-message-author-role=\"assistant\" data-message-id=\"a677e70d-05d9-4348-bb8e-71cd83f2849a\" data-message-model-slug=\"gpt-4o\">\n<div class=\"flex w-full flex-col gap-1 empty:hidden first:pt-[3px]\">\n<div class=\"markdown prose dark:prose-invert w-full break-words light markdown-new-styling\">\n<p data-start=\"0\" data-end=\"395\"><strong data-start=\"0\" data-end=\"32\">Kakaolu Tadibu F\u0131nd\u0131k Ezmesi 330 Gram<\/strong><br data-start=\"32\" data-end=\"35\" \/>Yo\u011fun f\u0131nd\u0131k aromas\u0131 ve enfes kakao lezzetiyle Tadibu Kakaolu F\u0131nd\u0131k Ezmesi, kahvalt\u0131lar\u0131n\u0131z\u0131 ve at\u0131\u015ft\u0131rmal\u0131k anlar\u0131n\u0131z\u0131 tatland\u0131r\u0131r. %100 yerli f\u0131nd\u0131k kullan\u0131larak \u00fcretilmi\u015ftir. Katk\u0131s\u0131z yap\u0131s\u0131 ve p\u00fcr\u00fczs\u00fcz k\u0131vam\u0131 sayesinde ekme\u011fe kolayca s\u00fcr\u00fcl\u00fcr, tatl\u0131 tariflerinize de lezzet katar. Hem \u00e7ocuklar hem de yeti\u015fkinler i\u00e7in besleyici ve doyurucu bir tercihtir.<\/p>\n<p data-start=\"397\" data-end=\"558\" data-is-last-node=\"\" data-is-only-node=\"\">&#x2705; Y\u00fcksek f\u0131nd\u0131k oran\u0131<br data-start=\"418\" data-end=\"421\" \/>&#x2705; Katk\u0131 maddesi i\u00e7ermez<br data-start=\"444\" data-end=\"447\" \/>&#x2705; Do\u011fal kakao lezzetiyle zenginle\u015ftirilmi\u015ftir<br data-start=\"492\" data-end=\"495\" \/>&#x2705; Kahvalt\u0131larda, ara \u00f6\u011f\u00fcnlerde ve tariflerde kullan\u0131ma uygundur<\/p>\n<\/div>\n<\/div>\n<\/div>\n<\/div>\n<div class=\"flex min-h-[46px] justify-start\">\n<div class=\"touch:-me-2 touch:-ms-3.5 -ms-2.5 -me-1 flex flex-wrap items-center gap-y-4 p-1 select-none touch:w-[calc(100%+--spacing(3.5))] -mt-1 w-[calc(100%+--spacing(2.5))] duration-[1.5s] focus-within:transition-none hover:transition-none pointer-events-none [mask-image:linear-gradient(to_right,black_33%,transparent_66%)] [mask-size:300%_100%] [mask-position:100%_0%] motion-safe:transition-[mask-position] group-hover\/turn-messages:pointer-events-auto group-hover\/turn-messages:[mask-position:0_0] group-focus-within\/turn-messages:pointer-events-auto group-focus-within\/turn-messages:[mask-position:0_0] has-data-[state=open]:pointer-events-auto has-data-[state=open]:[mask-position:0_0]\"><\/div>\n<\/div>\n<div class=\"aria-live=polite absolute\">\n<div class=\"flex items-center justify-center\"><\/div>\n<\/div>\n<\/div>\n<\/div>\n<\/article>\n<div class=\"pointer-events-none h-px w-px\" aria-hidden=\"true\" data-edge=\"true\"><\/div>\n","protected":false},"excerpt":{"rendered":"<p>Kakaolu Tadibu F\u0131nd\u0131k Ezmesi 330 GramYo\u011fun f\u0131nd\u0131k aromas\u0131 ve enfes kakao lezzetiyle Tadibu Kakaolu F\u0131nd\u0131k Ezmesi, kahvalt\u0131lar\u0131n\u0131z\u0131 ve at\u0131\u015ft\u0131rmal\u0131k anlar\u0131n\u0131z\u0131 tatland\u0131r\u0131r. %100 yerli f\u0131nd\u0131k kullan\u0131larak \u00fcretilmi\u015ftir. Katk\u0131s\u0131z yap\u0131s\u0131 ve p\u00fcr\u00fczs\u00fcz k\u0131vam\u0131 sayesinde ekme\u011fe kolayca s\u00fcr\u00fcl\u00fcr, tatl\u0131 tariflerinize de lezzet katar. Hem \u00e7ocuklar hem de yeti\u015fkinler i\u00e7in besleyici ve doyurucu bir tercihtir. &#x2705; Y\u00fcksek f\u0131nd\u0131k oran\u0131&#x2705;&#8230;<\/p>\n","protected":false},"featured_media":1239,"comment_status":"open","ping_status":"closed","template":"","meta":{"_kad_post_transparent":"default","_kad_post_title":"","_kad_post_layout":"default","_kad_post_sidebar_id":"","_kad_post_content_style":"default","_kad_post_vertical_padding":"default","_kad_post_feature":"","_kad_post_feature_position":"","_kad_post_header":false,"_kad_post_footer":false,"_kad_post_classname":""},"product_brand":[],"product_cat":[15,47,30],"product_tag":[],"class_list":{"0":"post-1164","1":"product","2":"type-product","3":"status-publish","4":"has-post-thumbnail","6":"product_cat-genel","7":"product_cat-dogalurunler","8":"product_cat-firsat-urunleri","10":"first","11":"instock","12":"sale","13":"shipping-taxable","14":"purchasable","15":"product-type-simple","16":"entry","17":"content-bg","18":"loop-entry"},"_links":{"self":[{"href":"https:\/\/egeciftligi.com.tr\/index.php?rest_route=\/wp\/v2\/product\/1164","targetHints":{"allow":["GET"]}}],"collection":[{"href":"https:\/\/egeciftligi.com.tr\/index.php?rest_route=\/wp\/v2\/product"}],"about":[{"href":"https:\/\/egeciftligi.com.tr\/index.php?rest_route=\/wp\/v2\/types\/product"}],"replies":[{"embeddable":true,"href":"https:\/\/egeciftligi.com.tr\/index.php?rest_route=%2Fwp%2Fv2%2Fcomments&post=1164"}],"wp:featuredmedia":[{"embeddable":true,"href":"https:\/\/egeciftligi.com.tr\/index.php?rest_route=\/wp\/v2\/media\/1239"}],"wp:attachment":[{"href":"https:\/\/egeciftligi.com.tr\/index.php?rest_route=%2Fwp%2Fv2%2Fmedia&parent=1164"}],"wp:term":[{"taxonomy":"product_brand","embeddable":true,"href":"https:\/\/egeciftligi.com.tr\/index.php?rest_route=%2Fwp%2Fv2%2Fproduct_brand&post=1164"},{"taxonomy":"product_cat","embeddable":true,"href":"https:\/\/egeciftligi.com.tr\/index.php?rest_route=%2Fwp%2Fv2%2Fproduct_cat&post=1164"},{"taxonomy":"product_tag","embeddable":true,"href":"https:\/\/egeciftligi.com.tr\/index.php?rest_route=%2Fwp%2Fv2%2Fproduct_tag&post=1164"}],"curies":[{"name":"wp","href":"https:\/\/api.w.org\/{rel}","templated":true}]}}