{"id":1162,"date":"2025-01-10T16:24:01","date_gmt":"2025-01-10T13:24:01","guid":{"rendered":"https:\/\/egeciftligi.com.tr\/?post_type=product&#038;p=1162"},"modified":"2026-03-03T03:43:50","modified_gmt":"2026-03-03T00:43:50","slug":"c-urun","status":"publish","type":"product","link":"https:\/\/egeciftligi.com.tr\/?product=c-urun","title":{"rendered":"Abdurrahman Tatl\u0131c\u0131 \u00c7ilek Re\u00e7eli 620 G"},"content":{"rendered":"<p><strong data-start=\"30\" data-end=\"72\">Abdurrahman Tatl\u0131c\u0131 \u00c7ilek Re\u00e7eli 620 G<\/strong><br data-start=\"72\" data-end=\"75\" \/>Geleneksel y\u00f6ntemlerle haz\u0131rlanan Abdurrahman Tatl\u0131c\u0131 \u00c7ilek Re\u00e7eli, %100 do\u011fal \u00e7ileklerden \u00fcretilmi\u015ftir. Yo\u011fun meyve oran\u0131 ve k\u0131vam\u0131 sayesinde kahvalt\u0131larda, tatl\u0131larda ve ara \u00f6\u011f\u00fcnlerde keyifle t\u00fcketilebilir. Katk\u0131 maddesi i\u00e7ermez, do\u011fal lezzetiyle \u00f6ne \u00e7\u0131kar. 620 graml\u0131k cam kavanozda tazeli\u011fini uzun s\u00fcre korur. Do\u011fal tat, g\u00fcvenilir kalite!<\/p>\n","protected":false},"excerpt":{"rendered":"<p>Abdurrahman Tatl\u0131c\u0131 \u00c7ilek Re\u00e7eli 620 GGeleneksel y\u00f6ntemlerle haz\u0131rlanan Abdurrahman Tatl\u0131c\u0131 \u00c7ilek Re\u00e7eli, %100 do\u011fal \u00e7ileklerden \u00fcretilmi\u015ftir. Yo\u011fun meyve oran\u0131 ve k\u0131vam\u0131 sayesinde kahvalt\u0131larda, tatl\u0131larda ve ara \u00f6\u011f\u00fcnlerde keyifle t\u00fcketilebilir. Katk\u0131 maddesi i\u00e7ermez, do\u011fal lezzetiyle \u00f6ne \u00e7\u0131kar. 620 graml\u0131k cam kavanozda tazeli\u011fini uzun s\u00fcre korur. Do\u011fal tat, g\u00fcvenilir kalite!<\/p>\n","protected":false},"featured_media":1241,"comment_status":"open","ping_status":"closed","template":"","meta":{"_kad_post_transparent":"default","_kad_post_title":"","_kad_post_layout":"default","_kad_post_sidebar_id":"","_kad_post_content_style":"default","_kad_post_vertical_padding":"default","_kad_post_feature":"","_kad_post_feature_position":"","_kad_post_header":false,"_kad_post_footer":false,"_kad_post_classname":""},"product_brand":[],"product_cat":[15,47],"product_tag":[],"class_list":{"0":"post-1162","1":"product","2":"type-product","3":"status-publish","4":"has-post-thumbnail","6":"product_cat-genel","7":"product_cat-dogalurunler","9":"first","10":"instock","11":"sale","12":"shipping-taxable","13":"purchasable","14":"product-type-simple","15":"entry","16":"content-bg","17":"loop-entry"},"_links":{"self":[{"href":"https:\/\/egeciftligi.com.tr\/index.php?rest_route=\/wp\/v2\/product\/1162","targetHints":{"allow":["GET"]}}],"collection":[{"href":"https:\/\/egeciftligi.com.tr\/index.php?rest_route=\/wp\/v2\/product"}],"about":[{"href":"https:\/\/egeciftligi.com.tr\/index.php?rest_route=\/wp\/v2\/types\/product"}],"replies":[{"embeddable":true,"href":"https:\/\/egeciftligi.com.tr\/index.php?rest_route=%2Fwp%2Fv2%2Fcomments&post=1162"}],"wp:featuredmedia":[{"embeddable":true,"href":"https:\/\/egeciftligi.com.tr\/index.php?rest_route=\/wp\/v2\/media\/1241"}],"wp:attachment":[{"href":"https:\/\/egeciftligi.com.tr\/index.php?rest_route=%2Fwp%2Fv2%2Fmedia&parent=1162"}],"wp:term":[{"taxonomy":"product_brand","embeddable":true,"href":"https:\/\/egeciftligi.com.tr\/index.php?rest_route=%2Fwp%2Fv2%2Fproduct_brand&post=1162"},{"taxonomy":"product_cat","embeddable":true,"href":"https:\/\/egeciftligi.com.tr\/index.php?rest_route=%2Fwp%2Fv2%2Fproduct_cat&post=1162"},{"taxonomy":"product_tag","embeddable":true,"href":"https:\/\/egeciftligi.com.tr\/index.php?rest_route=%2Fwp%2Fv2%2Fproduct_tag&post=1162"}],"curies":[{"name":"wp","href":"https:\/\/api.w.org\/{rel}","templated":true}]}}