{"id":288,"date":"2024-09-03T12:20:48","date_gmt":"2024-09-03T12:20:48","guid":{"rendered":"https:\/\/egeciftligi.com.tr\/?page_id=288"},"modified":"2025-01-11T12:07:43","modified_gmt":"2025-01-11T09:07:43","slug":"hakkimizda","status":"publish","type":"page","link":"https:\/\/egeciftligi.com.tr\/?page_id=288","title":{"rendered":"Hakk\u0131m\u0131zda"},"content":{"rendered":"\n<p><strong>Ege \u00c7iftli\u011fi Hakk\u0131nda<\/strong><\/p>\n\n\n\n<p>Ege \u00c7iftli\u011fi, Manisa&#8217;n\u0131n kalbinde yer alan ve do\u011fal lezzetleriyle tan\u0131nan bir restoran ve \u015fark\u00fcteridir. Misafirlerine taze ve do\u011fal \u00fcr\u00fcnler sunarak, \u00e7iftlikten sofraya konseptiyle hizmet vermektedir<\/p>\n\n\n\n<p>Restoran\u0131m\u0131zda, geleneksel T\u00fcrk mutfa\u011f\u0131n\u0131n en lezzetli \u00f6rneklerini bulabilirsiniz. \u00d6zellikle Manisa kebab\u0131, g\u00f6zleme ve menemen gibi yerel lezzetlerimiz b\u00fcy\u00fck be\u011feni toplamaktad\u0131r<\/p>\n\n\n<div class=\"wp-block-image\">\n<figure class=\"aligncenter size-full\"><img fetchpriority=\"high\" decoding=\"async\" width=\"1024\" height=\"683\" src=\"https:\/\/egeciftligi.com.tr\/wp-content\/uploads\/2025\/01\/Manisa-kebabi-1024x683-1.webp\" alt=\"\" class=\"wp-image-1172\" srcset=\"https:\/\/egeciftligi.com.tr\/wp-content\/uploads\/2025\/01\/Manisa-kebabi-1024x683-1.webp 1024w, https:\/\/egeciftligi.com.tr\/wp-content\/uploads\/2025\/01\/Manisa-kebabi-1024x683-1-300x200.webp 300w, https:\/\/egeciftligi.com.tr\/wp-content\/uploads\/2025\/01\/Manisa-kebabi-1024x683-1-768x512.webp 768w, https:\/\/egeciftligi.com.tr\/wp-content\/uploads\/2025\/01\/Manisa-kebabi-1024x683-1-24x16.webp 24w, https:\/\/egeciftligi.com.tr\/wp-content\/uploads\/2025\/01\/Manisa-kebabi-1024x683-1-36x24.webp 36w, https:\/\/egeciftligi.com.tr\/wp-content\/uploads\/2025\/01\/Manisa-kebabi-1024x683-1-48x32.webp 48w, https:\/\/egeciftligi.com.tr\/wp-content\/uploads\/2025\/01\/Manisa-kebabi-1024x683-1-600x400.webp 600w\" sizes=\"(max-width: 1024px) 100vw, 1024px\" \/><\/figure><\/div>\n\n\n<p> Ayr\u0131ca, kahvalt\u0131dan ak\u015fam yeme\u011fine kadar geni\u015f bir men\u00fc yelpazesi sunuyoruz. Her bir yeme\u011fimiz, \u00f6zenle se\u00e7ilmi\u015f malzemelerle haz\u0131rlanmakta ve misafirlerimize en taze haliyle sunulmaktad\u0131r<\/p>\n\n\n<div class=\"wp-block-image\">\n<figure class=\"aligncenter size-full\"><img decoding=\"async\" width=\"900\" height=\"507\" src=\"https:\/\/egeciftligi.com.tr\/wp-content\/uploads\/2025\/01\/img-20171205-223034-426.jpg\" alt=\"\" class=\"wp-image-1171\" srcset=\"https:\/\/egeciftligi.com.tr\/wp-content\/uploads\/2025\/01\/img-20171205-223034-426.jpg 900w, https:\/\/egeciftligi.com.tr\/wp-content\/uploads\/2025\/01\/img-20171205-223034-426-300x169.jpg 300w, https:\/\/egeciftligi.com.tr\/wp-content\/uploads\/2025\/01\/img-20171205-223034-426-768x433.jpg 768w, https:\/\/egeciftligi.com.tr\/wp-content\/uploads\/2025\/01\/img-20171205-223034-426-24x14.jpg 24w, https:\/\/egeciftligi.com.tr\/wp-content\/uploads\/2025\/01\/img-20171205-223034-426-36x20.jpg 36w, https:\/\/egeciftligi.com.tr\/wp-content\/uploads\/2025\/01\/img-20171205-223034-426-48x27.jpg 48w, https:\/\/egeciftligi.com.tr\/wp-content\/uploads\/2025\/01\/img-20171205-223034-426-600x338.jpg 600w\" sizes=\"(max-width: 900px) 100vw, 900px\" \/><\/figure><\/div>\n\n\n<p>Ege \u00c7iftli\u011fi olarak, m\u00fc\u015fteri memnuniyetini her zaman \u00f6n planda tutuyoruz. Samimi ve profesyonel ekibimizle, misafirlerimize s\u0131cak bir ortamda unutulmaz bir yemek deneyimi ya\u015fatmay\u0131 hedefliyoruz. Siz de do\u011fal ve lezzetli bir yemek deneyimi i\u00e7in Ege \u00c7iftli\u011fi&#8217;ne davetlisiniz!<\/p>\n\n\n\n<p><strong>Misyonumuz<\/strong>&nbsp;EGE \u00c7\u0130FTL\u0130\u011e\u0130 olarak, sa\u011fl\u0131kl\u0131 ve do\u011fal \u00fcr\u00fcnleri m\u00fc\u015fterilerimize sunmak i\u00e7in \u00e7al\u0131\u015f\u0131yoruz. \u00c7iftlikten sofraya anlay\u0131\u015f\u0131m\u0131zla, en taze ve lezzetli \u00fcr\u00fcnleri sizlerle bulu\u015fturuyoruz. Misyonumuz, do\u011fall\u0131\u011f\u0131 ve kaliteyi \u00f6n planda tutarak, m\u00fc\u015fterilerimize g\u00fcvenilir ve lezzetli bir deneyim sunmakt\u0131r.<\/p>\n\n\n\n<p><strong>Vizyonumuz<\/strong>&nbsp;Vizyonumuz, EGE \u00c7\u0130FTL\u0130\u011e\u0130 markas\u0131n\u0131 T\u00fcrkiye genelinde tan\u0131nan ve tercih edilen bir marka haline getirmektir. Do\u011fal ve sa\u011fl\u0131kl\u0131 \u00fcr\u00fcnlerimizle, m\u00fc\u015fterilerimizin hayat\u0131na de\u011fer katmay\u0131 ama\u00e7l\u0131yoruz.<\/p>\n\n\n\n<p><strong>De\u011ferlerimiz<\/strong><\/p>\n\n\n\n<ul class=\"wp-block-list\">\n<li><strong>Do\u011fall\u0131k:<\/strong>\u00a0\u00dcr\u00fcnlerimizde do\u011fall\u0131\u011f\u0131 ve tazeli\u011fi \u00f6n planda tutuyoruz.<\/li>\n\n\n\n<li><strong>Kalite:<\/strong>\u00a0M\u00fc\u015fterilerimize en kaliteli \u00fcr\u00fcnleri sunmak i\u00e7in \u00e7al\u0131\u015f\u0131yoruz.<\/li>\n\n\n\n<li><strong>G\u00fcven:<\/strong>\u00a0M\u00fc\u015fterilerimizin g\u00fcvenini kazanmak ve korumak en b\u00fcy\u00fck \u00f6nceli\u011fimizdir.<\/li>\n\n\n\n<li><strong>M\u00fc\u015fteri Memnuniyeti:<\/strong>\u00a0M\u00fc\u015fterilerimizin memnuniyeti bizim i\u00e7in her \u015feyden \u00f6nemlidir.<\/li>\n<\/ul>\n\n\n\n<p><strong>\u015eubelerimiz<\/strong>&nbsp;Manisa&#8217;da d\u00f6rt \u015fubemizle hizmet vermekteyiz:<\/p>\n\n\n\n<ol class=\"wp-block-list\">\n<li><strong><a href=\"https:\/\/www.google.com\/maps\/place\/Ege+%C3%87iftli%C4%9Fi+Restoran+%26+%C5%9Eark%C3%BCteri\/@38.6281079,27.3951662,17z\/data=!3m1!4b1!4m6!3m5!1s0x14b99c906575b96f:0x408eb84d7547ab98!8m2!3d38.6281079!4d27.3951662!16s%2Fg%2F11g6bkdx4f?hl=tr&amp;entry=ttu&amp;g_ep=EgoyMDI1MDEwOC4wIKXMDSoASAFQAw%3D%3D\">Cumhuriyet Mahallesi \u015eubesi<\/a><\/strong><\/li>\n\n\n\n<li><strong><a href=\"https:\/\/www.google.com\/maps\/place\/Ege+%C3%87iftli%C4%9Fi+%C3%9C%C3%A7el+%C5%9Eubesi\/@38.6745031,27.47077,17z\/data=!3m1!4b1!4m6!3m5!1s0x14b999d8fdcb2e69:0x8f7a022f3c93e127!8m2!3d38.6745031!4d27.47077!16s%2Fg%2F11f5v0rtpm?hl=tr&amp;entry=ttu&amp;g_ep=EgoyMDI1MDEwOC4wIKXMDSoASAFQAw%3D%3D\">\u00dc\u00e7el \u015eubesi<\/a><\/strong><\/li>\n\n\n\n<li><strong><a href=\"https:\/\/www.google.com\/maps\/place\/Ege+%C3%87iftli%C4%9Fi+Kahvalt%C4%B1+%26+%C5%9Eark%C3%BCteri\/@38.6121342,27.3888324,17z\/data=!3m1!4b1!4m6!3m5!1s0x14b99ce629f83c47:0x51aaeea4945d786d!8m2!3d38.6121342!4d27.3888324!16s%2Fg%2F11c6f0k4wm?hl=tr&amp;entry=ttu&amp;g_ep=EgoyMDI1MDEwOC4wIKXMDSoASAFQAw%3D%3D\">Bozk\u00f6y \u015eubesi<\/a><\/strong><\/li>\n\n\n\n<li><strong><a href=\"https:\/\/www.google.com\/maps\/place\/%C3%87etin+Ege+%C3%87iftli%C4%9Fi+%C5%9Eark%C3%BCteri\/@38.6129821,27.4279506,17z\/data=!3m1!4b1!4m6!3m5!1s0x14b99c69f451143f:0x824b6235ba9ebc21!8m2!3d38.6129821!4d27.4279506!16s%2Fg%2F11c6dbmm_f?hl=tr&amp;entry=ttu&amp;g_ep=EgoyMDI1MDEwOC4wIKXMDSoASAFQAw%3D%3D\">\u00c7ar\u015f\u0131 \u015eubesi<\/a><\/strong><\/li>\n<\/ol>\n\n\n<div class=\"wp-block-image\">\n<figure class=\"aligncenter size-full\"><img decoding=\"async\" width=\"625\" height=\"333\" src=\"https:\/\/egeciftligi.com.tr\/wp-content\/uploads\/2025\/01\/ege_ciftligi_aciliyor_h8168.png\" alt=\"\" class=\"wp-image-1170\" srcset=\"https:\/\/egeciftligi.com.tr\/wp-content\/uploads\/2025\/01\/ege_ciftligi_aciliyor_h8168.png 625w, https:\/\/egeciftligi.com.tr\/wp-content\/uploads\/2025\/01\/ege_ciftligi_aciliyor_h8168-300x160.png 300w, https:\/\/egeciftligi.com.tr\/wp-content\/uploads\/2025\/01\/ege_ciftligi_aciliyor_h8168-24x13.png 24w, https:\/\/egeciftligi.com.tr\/wp-content\/uploads\/2025\/01\/ege_ciftligi_aciliyor_h8168-36x19.png 36w, https:\/\/egeciftligi.com.tr\/wp-content\/uploads\/2025\/01\/ege_ciftligi_aciliyor_h8168-48x26.png 48w, https:\/\/egeciftligi.com.tr\/wp-content\/uploads\/2025\/01\/ege_ciftligi_aciliyor_h8168-600x320.png 600w\" sizes=\"(max-width: 625px) 100vw, 625px\" \/><\/figure><\/div>\n\n\n<p>Her \u015fubemizde, geni\u015f \u00fcr\u00fcn yelpazemiz ve g\u00fcler y\u00fczl\u00fc hizmetimizle sizleri a\u011f\u0131rlamaktan mutluluk duyar\u0131z. EGE \u00c7\u0130FTL\u0130\u011e\u0130 olarak, siz de\u011ferli m\u00fc\u015fterilerimize en iyi hizmeti sunmak i\u00e7in buraday\u0131z.<\/p>\n\n\n\n<p><\/p>\n","protected":false},"excerpt":{"rendered":"<p>Ege \u00c7iftli\u011fi Hakk\u0131nda Ege \u00c7iftli\u011fi, Manisa&#8217;n\u0131n kalbinde yer alan ve do\u011fal lezzetleriyle tan\u0131nan bir restoran ve \u015fark\u00fcteridir. Misafirlerine taze ve do\u011fal \u00fcr\u00fcnler sunarak, \u00e7iftlikten sofraya konseptiyle hizmet vermektedir Restoran\u0131m\u0131zda, geleneksel T\u00fcrk mutfa\u011f\u0131n\u0131n en lezzetli \u00f6rneklerini bulabilirsiniz. \u00d6zellikle Manisa kebab\u0131, g\u00f6zleme ve menemen gibi yerel lezzetlerimiz b\u00fcy\u00fck be\u011feni toplamaktad\u0131r Ayr\u0131ca, kahvalt\u0131dan ak\u015fam yeme\u011fine kadar geni\u015f bir&#8230;<\/p>\n","protected":false},"author":1,"featured_media":0,"parent":0,"menu_order":0,"comment_status":"closed","ping_status":"closed","template":"","meta":{"_kad_post_transparent":"","_kad_post_title":"","_kad_post_layout":"","_kad_post_sidebar_id":"","_kad_post_content_style":"","_kad_post_vertical_padding":"","_kad_post_feature":"","_kad_post_feature_position":"","_kad_post_header":false,"_kad_post_footer":false,"_kad_post_classname":"","footnotes":""},"class_list":["post-288","page","type-page","status-publish","hentry"],"_links":{"self":[{"href":"https:\/\/egeciftligi.com.tr\/index.php?rest_route=\/wp\/v2\/pages\/288","targetHints":{"allow":["GET"]}}],"collection":[{"href":"https:\/\/egeciftligi.com.tr\/index.php?rest_route=\/wp\/v2\/pages"}],"about":[{"href":"https:\/\/egeciftligi.com.tr\/index.php?rest_route=\/wp\/v2\/types\/page"}],"author":[{"embeddable":true,"href":"https:\/\/egeciftligi.com.tr\/index.php?rest_route=\/wp\/v2\/users\/1"}],"replies":[{"embeddable":true,"href":"https:\/\/egeciftligi.com.tr\/index.php?rest_route=%2Fwp%2Fv2%2Fcomments&post=288"}],"version-history":[{"count":3,"href":"https:\/\/egeciftligi.com.tr\/index.php?rest_route=\/wp\/v2\/pages\/288\/revisions"}],"predecessor-version":[{"id":1173,"href":"https:\/\/egeciftligi.com.tr\/index.php?rest_route=\/wp\/v2\/pages\/288\/revisions\/1173"}],"wp:attachment":[{"href":"https:\/\/egeciftligi.com.tr\/index.php?rest_route=%2Fwp%2Fv2%2Fmedia&parent=288"}],"curies":[{"name":"wp","href":"https:\/\/api.w.org\/{rel}","templated":true}]}}