{"id":116,"date":"2024-09-02T12:30:36","date_gmt":"2024-09-02T12:30:36","guid":{"rendered":"https:\/\/egeciftligi.com.tr\/?page_id=116"},"modified":"2025-01-10T15:08:05","modified_gmt":"2025-01-10T12:08:05","slug":"iletisim","status":"publish","type":"page","link":"https:\/\/egeciftligi.com.tr\/?page_id=116","title":{"rendered":"\u0130leti\u015fim"},"content":{"rendered":"\t\t<div data-elementor-type=\"wp-page\" data-elementor-id=\"116\" class=\"elementor elementor-116\">\n\t\t\t\t<div class=\"elementor-element elementor-element-8a620c8 e-flex e-con-boxed e-con e-parent\" data-id=\"8a620c8\" data-element_type=\"container\" data-e-type=\"container\" data-settings=\"{&quot;background_background&quot;:&quot;classic&quot;}\">\n\t\t\t\t\t<div class=\"e-con-inner\">\n\t\t<div class=\"elementor-element elementor-element-6c083d2 e-con-full e-flex e-con e-child\" data-id=\"6c083d2\" data-element_type=\"container\" data-e-type=\"container\">\n\t\t\t\t<div class=\"elementor-element elementor-element-36b0d22 elementor-widget elementor-widget-heading\" data-id=\"36b0d22\" data-element_type=\"widget\" data-e-type=\"widget\" data-widget_type=\"heading.default\">\n\t\t\t\t<div class=\"elementor-widget-container\">\n\t\t\t\t\t<h2 class=\"elementor-heading-title elementor-size-default\">\u0130leti\u015fim<\/h2>\t\t\t\t<\/div>\n\t\t\t\t<\/div>\n\t\t\t\t<\/div>\n\t\t\t\t\t<\/div>\n\t\t\t\t<\/div>\n\t\t<div class=\"elementor-element elementor-element-fc8f9ad e-flex e-con-boxed e-con e-parent\" data-id=\"fc8f9ad\" data-element_type=\"container\" data-e-type=\"container\">\n\t\t\t\t\t<div class=\"e-con-inner\">\n\t\t<div class=\"elementor-element elementor-element-dbbec6b e-con-full e-flex e-con e-child\" data-id=\"dbbec6b\" data-element_type=\"container\" data-e-type=\"container\">\n\t\t\t\t<div class=\"elementor-element elementor-element-75e95bd elementor-widget elementor-widget-google_maps\" data-id=\"75e95bd\" data-element_type=\"widget\" data-e-type=\"widget\" data-widget_type=\"google_maps.default\">\n\t\t\t\t<div class=\"elementor-widget-container\">\n\t\t\t\t\t\t\t<div class=\"elementor-custom-embed\">\n\t\t\t<iframe loading=\"lazy\"\n\t\t\t\t\tsrc=\"https:\/\/maps.google.com\/maps?q=Ege%20%C3%87iftli%C4%9Fi&#038;t=m&#038;z=13&#038;output=embed&#038;iwloc=near\"\n\t\t\t\t\ttitle=\"Ege \u00c7iftli\u011fi\"\n\t\t\t\t\taria-label=\"Ege \u00c7iftli\u011fi\"\n\t\t\t><\/iframe>\n\t\t<\/div>\n\t\t\t\t\t\t<\/div>\n\t\t\t\t<\/div>\n\t\t\t\t<div class=\"elementor-element elementor-element-540f2f5 elementor-widget elementor-widget-image\" data-id=\"540f2f5\" data-element_type=\"widget\" data-e-type=\"widget\" data-widget_type=\"image.default\">\n\t\t\t\t<div class=\"elementor-widget-container\">\n\t\t\t\t\t\t\t\t\t\t\t\t\t\t\t<img fetchpriority=\"high\" decoding=\"async\" width=\"1024\" height=\"385\" src=\"https:\/\/egeciftligi.com.tr\/wp-content\/uploads\/2025\/01\/egeciftligi-1024x385.png\" class=\"attachment-large size-large wp-image-1052\" alt=\"\" srcset=\"https:\/\/egeciftligi.com.tr\/wp-content\/uploads\/2025\/01\/egeciftligi-1024x385.png 1024w, https:\/\/egeciftligi.com.tr\/wp-content\/uploads\/2025\/01\/egeciftligi-300x113.png 300w, https:\/\/egeciftligi.com.tr\/wp-content\/uploads\/2025\/01\/egeciftligi-768x289.png 768w, https:\/\/egeciftligi.com.tr\/wp-content\/uploads\/2025\/01\/egeciftligi-1536x578.png 1536w, https:\/\/egeciftligi.com.tr\/wp-content\/uploads\/2025\/01\/egeciftligi-24x9.png 24w, https:\/\/egeciftligi.com.tr\/wp-content\/uploads\/2025\/01\/egeciftligi-36x14.png 36w, https:\/\/egeciftligi.com.tr\/wp-content\/uploads\/2025\/01\/egeciftligi-48x18.png 48w, https:\/\/egeciftligi.com.tr\/wp-content\/uploads\/2025\/01\/egeciftligi-600x226.png 600w, https:\/\/egeciftligi.com.tr\/wp-content\/uploads\/2025\/01\/egeciftligi.png 1603w\" sizes=\"(max-width: 1024px) 100vw, 1024px\" \/>\t\t\t\t\t\t\t\t\t\t\t\t\t\t\t<\/div>\n\t\t\t\t<\/div>\n\t\t\t\t<\/div>\n\t\t\t\t\t<\/div>\n\t\t\t\t<\/div>\n\t\t<div class=\"elementor-element elementor-element-7f6f797 e-flex e-con-boxed e-con e-parent\" data-id=\"7f6f797\" data-element_type=\"container\" data-e-type=\"container\">\n\t\t\t\t\t<div class=\"e-con-inner\">\n\t\t\t\t<div class=\"elementor-element elementor-element-0717720 elementor-widget__width-initial elementor-widget elementor-widget-heading\" data-id=\"0717720\" data-element_type=\"widget\" data-e-type=\"widget\" data-widget_type=\"heading.default\">\n\t\t\t\t<div class=\"elementor-widget-container\">\n\t\t\t\t\t<h1 class=\"elementor-heading-title elementor-size-default\">\u26ac Bozko\u0308y S\u0327ube : \u260e 233 07 77<br>\n<br>\n\u26ac Gu\u0308zelyurt S\u0327ube : \u260e 211 33 00<br>\n<br>\n\u26ac \u00dc\u00e7el \u015eube : \u260e 286 70 30<br>\n<br>\n\u26ac \u00c7ar\u015f\u0131 \u015eube : \u260e 231 37 07<br>\n<br><\/h1>\t\t\t\t<\/div>\n\t\t\t\t<\/div>\n\t\t\t\t\t<\/div>\n\t\t\t\t<\/div>\n\t\t\t\t<\/div>\n\t\t","protected":false},"excerpt":{"rendered":"<p>\u0130leti\u015fim \u26ac Bozko\u0308y S\u0327ube : &#x260e; 233 07 77 \u26ac Gu\u0308zelyurt S\u0327ube : &#x260e; 211 33 00 \u26ac \u00dc\u00e7el \u015eube : &#x260e; 286 70 30 \u26ac \u00c7ar\u015f\u0131 \u015eube : &#x260e; 231 37 07<\/p>\n","protected":false},"author":1,"featured_media":0,"parent":0,"menu_order":0,"comment_status":"closed","ping_status":"closed","template":"","meta":{"_kad_post_transparent":"","_kad_post_title":"hide","_kad_post_layout":"fullwidth","_kad_post_sidebar_id":"","_kad_post_content_style":"unboxed","_kad_post_vertical_padding":"hide","_kad_post_feature":"hide","_kad_post_feature_position":"","_kad_post_header":false,"_kad_post_footer":false,"_kad_post_classname":"","footnotes":""},"class_list":["post-116","page","type-page","status-publish","hentry"],"_links":{"self":[{"href":"https:\/\/egeciftligi.com.tr\/index.php?rest_route=\/wp\/v2\/pages\/116","targetHints":{"allow":["GET"]}}],"collection":[{"href":"https:\/\/egeciftligi.com.tr\/index.php?rest_route=\/wp\/v2\/pages"}],"about":[{"href":"https:\/\/egeciftligi.com.tr\/index.php?rest_route=\/wp\/v2\/types\/page"}],"author":[{"embeddable":true,"href":"https:\/\/egeciftligi.com.tr\/index.php?rest_route=\/wp\/v2\/users\/1"}],"replies":[{"embeddable":true,"href":"https:\/\/egeciftligi.com.tr\/index.php?rest_route=%2Fwp%2Fv2%2Fcomments&post=116"}],"version-history":[{"count":53,"href":"https:\/\/egeciftligi.com.tr\/index.php?rest_route=\/wp\/v2\/pages\/116\/revisions"}],"predecessor-version":[{"id":1156,"href":"https:\/\/egeciftligi.com.tr\/index.php?rest_route=\/wp\/v2\/pages\/116\/revisions\/1156"}],"wp:attachment":[{"href":"https:\/\/egeciftligi.com.tr\/index.php?rest_route=%2Fwp%2Fv2%2Fmedia&parent=116"}],"curies":[{"name":"wp","href":"https:\/\/api.w.org\/{rel}","templated":true}]}}