{"id":113,"date":"2024-09-02T12:28:16","date_gmt":"2024-09-02T12:28:16","guid":{"rendered":"https:\/\/egeciftligi.com.tr\/?page_id=113"},"modified":"2025-01-04T09:33:29","modified_gmt":"2025-01-04T06:33:29","slug":"cerez-politikasi","status":"publish","type":"page","link":"https:\/\/egeciftligi.com.tr\/?page_id=113","title":{"rendered":"\u00c7erez Politikas\u0131"},"content":{"rendered":"\n<p>Ege \u00c7iftli\u011fi \u00c7erez Politikas\u0131<\/p>\n\n\n\n<ol class=\"wp-block-list\">\n<li>\u00c7erez Nedir?<\/li>\n<\/ol>\n\n\n\n<p>\u00c7erezler, bir web sitesini ziyaret etti\u011finizde taray\u0131c\u0131n\u0131za g\u00f6nderilen k\u00fc\u00e7\u00fck veri dosyalar\u0131d\u0131r. Bu dosyalar, siteyi tekrar ziyaret etti\u011finizde taray\u0131c\u0131n\u0131z\u0131n siteyi tan\u0131mas\u0131na yard\u0131mc\u0131 olur ve size ki\u015fiselle\u015ftirilmi\u015f i\u00e7erik sunar. \u00c7erezler, genellikle tercihlerinizi ve di\u011fer bilgileri kaydederek web sitelerinin daha verimli \u00e7al\u0131\u015fmas\u0131n\u0131 sa\u011flar.<\/p>\n\n\n\n<ol start=\"2\" class=\"wp-block-list\">\n<li>\u00c7erezleri Nas\u0131l Kullan\u0131yoruz?<\/li>\n<\/ol>\n\n\n\n<p>Reklam D\u00fcnyas\u0131 olarak, web sitemizde \u00e7erezleri \u015fu ama\u00e7larla kullan\u0131yoruz:<\/p>\n\n\n\n<pre class=\"wp-block-code\"><code>\u2022   Gerekli \u00c7erezler: Web sitemizin temel i\u015flevlerini sa\u011flamak i\u00e7in gerekli olan \u00e7erezlerdir. Bu \u00e7erezler, sitemizde gezinmenizi ve temel i\u015flevlerden yararlanman\u0131z\u0131 sa\u011flar.\n\u2022   Performans ve Analiz \u00c7erezleri: Bu \u00e7erezler, web sitemizi nas\u0131l kulland\u0131\u011f\u0131n\u0131z\u0131 analiz etmemize ve performans\u0131n\u0131 art\u0131rmam\u0131za yard\u0131mc\u0131 olur.\n\u2022   Fonksiyonel \u00c7erezler: Bu \u00e7erezler, tercihlerinizi hat\u0131rlayarak size daha ki\u015fiselle\u015ftirilmi\u015f bir deneyim sunmam\u0131z\u0131 sa\u011flar.\n\u2022   Reklam ve Hedefleme \u00c7erezleri: \u0130lgi alanlar\u0131n\u0131za y\u00f6nelik i\u00e7erik ve reklamlar sunmak i\u00e7in kullan\u0131l\u0131r. Ayr\u0131ca, reklam kampanyalar\u0131n\u0131n etkinli\u011fini \u00f6l\u00e7memize yard\u0131mc\u0131 olur.<\/code><\/pre>\n\n\n\n<ol start=\"3\" class=\"wp-block-list\">\n<li>\u00dc\u00e7\u00fcnc\u00fc Taraf \u00c7erezleri<\/li>\n<\/ol>\n\n\n\n<p>Web sitemizde, \u00fc\u00e7\u00fcnc\u00fc taraf hizmet sa\u011flay\u0131c\u0131lar\u0131 taraf\u0131ndan yerle\u015ftirilen \u00e7erezler de bulunabilir. Bu \u00e7erezler, analiz, reklam ve sosyal medya entegrasyonu gibi \u00e7e\u015fitli ama\u00e7lar i\u00e7in kullan\u0131labilir. Bu \u00fc\u00e7\u00fcnc\u00fc taraf \u00e7erezlerin kullan\u0131m\u0131, ilgili \u00fc\u00e7\u00fcnc\u00fc taraflar\u0131n gizlilik politikalar\u0131na tabidir.<\/p>\n\n\n\n<ol start=\"4\" class=\"wp-block-list\">\n<li>\u00c7erez Tercihlerinizi Nas\u0131l Y\u00f6netebilirsiniz?<\/li>\n<\/ol>\n\n\n\n<p>\u00c7o\u011fu taray\u0131c\u0131, \u00e7erezleri otomatik olarak kabul eder, ancak taray\u0131c\u0131 ayarlar\u0131n\u0131z\u0131 de\u011fi\u015ftirerek \u00e7erezleri reddedebilir veya \u00e7erezlerin kaydedilmeden \u00f6nce size bildirilmesini sa\u011flayabilirsiniz. \u00c7erezleri nas\u0131l y\u00f6netece\u011finize dair talimatlar i\u00e7in taray\u0131c\u0131n\u0131z\u0131n yard\u0131m men\u00fcs\u00fcne ba\u015fvurabilirsiniz.<\/p>\n\n\n\n<pre class=\"wp-block-code\"><code>\u2022   Google Chrome: <a href=\"https:\/\/support.google.com\/chrome\/answer\/95647\" data-type=\"link\" data-id=\"https:\/\/support.google.com\/chrome\/answer\/95647\">Destek Sayfas\u0131<\/a>\n\u2022   Safari: <a href=\"https:\/\/support.apple.com\/tr-tr\/guide\/safari\/sfri11471\/mac\" data-type=\"link\" data-id=\"https:\/\/support.apple.com\/tr-tr\/guide\/safari\/sfri11471\/mac\">Destek Sayfas\u0131<\/a><\/code><\/pre>\n\n\n\n<ol start=\"5\" class=\"wp-block-list\">\n<li>\u00c7erez Politikam\u0131zdaki De\u011fi\u015fiklikler<\/li>\n<\/ol>\n\n\n\n<p>Reklam D\u00fcnyas\u0131, \u00e7erez politikam\u0131z\u0131 zaman zaman g\u00fcncelleyebilir. Bu nedenle, bu sayfay\u0131 d\u00fczenli olarak ziyaret ederek en g\u00fcncel bilgileri incelemenizi \u00f6neririz. \u00c7erez politikam\u0131zdaki \u00f6nemli de\u011fi\u015fiklikler web sitemizde duyurulacakt\u0131r.<\/p>\n\n\n\n<ol start=\"6\" class=\"wp-block-list\">\n<li>\u0130leti\u015fim Bilgileri<\/li>\n<\/ol>\n\n\n\n<p>\u00c7erez politikam\u0131zla ilgili herhangi bir sorunuz veya endi\u015feniz varsa, bizimle ileti\u015fime ge\u00e7ebilirsiniz:<\/p>\n\n\n\n<p><\/p>\n\n\n\n<p><\/p>\n","protected":false},"excerpt":{"rendered":"<p>Ege \u00c7iftli\u011fi \u00c7erez Politikas\u0131 \u00c7erezler, bir web sitesini ziyaret etti\u011finizde taray\u0131c\u0131n\u0131za g\u00f6nderilen k\u00fc\u00e7\u00fck veri dosyalar\u0131d\u0131r. Bu dosyalar, siteyi tekrar ziyaret etti\u011finizde taray\u0131c\u0131n\u0131z\u0131n siteyi tan\u0131mas\u0131na yard\u0131mc\u0131 olur ve size ki\u015fiselle\u015ftirilmi\u015f i\u00e7erik sunar. \u00c7erezler, genellikle tercihlerinizi ve di\u011fer bilgileri kaydederek web sitelerinin daha verimli \u00e7al\u0131\u015fmas\u0131n\u0131 sa\u011flar. Reklam D\u00fcnyas\u0131 olarak, web sitemizde \u00e7erezleri \u015fu ama\u00e7larla kullan\u0131yoruz: Web sitemizde,&#8230;<\/p>\n","protected":false},"author":1,"featured_media":0,"parent":0,"menu_order":0,"comment_status":"closed","ping_status":"closed","template":"","meta":{"_kad_post_transparent":"","_kad_post_title":"","_kad_post_layout":"","_kad_post_sidebar_id":"","_kad_post_content_style":"","_kad_post_vertical_padding":"","_kad_post_feature":"","_kad_post_feature_position":"","_kad_post_header":false,"_kad_post_footer":false,"_kad_post_classname":"","footnotes":""},"class_list":["post-113","page","type-page","status-publish","hentry"],"_links":{"self":[{"href":"https:\/\/egeciftligi.com.tr\/index.php?rest_route=\/wp\/v2\/pages\/113","targetHints":{"allow":["GET"]}}],"collection":[{"href":"https:\/\/egeciftligi.com.tr\/index.php?rest_route=\/wp\/v2\/pages"}],"about":[{"href":"https:\/\/egeciftligi.com.tr\/index.php?rest_route=\/wp\/v2\/types\/page"}],"author":[{"embeddable":true,"href":"https:\/\/egeciftligi.com.tr\/index.php?rest_route=\/wp\/v2\/users\/1"}],"replies":[{"embeddable":true,"href":"https:\/\/egeciftligi.com.tr\/index.php?rest_route=%2Fwp%2Fv2%2Fcomments&post=113"}],"version-history":[{"count":4,"href":"https:\/\/egeciftligi.com.tr\/index.php?rest_route=\/wp\/v2\/pages\/113\/revisions"}],"predecessor-version":[{"id":1075,"href":"https:\/\/egeciftligi.com.tr\/index.php?rest_route=\/wp\/v2\/pages\/113\/revisions\/1075"}],"wp:attachment":[{"href":"https:\/\/egeciftligi.com.tr\/index.php?rest_route=%2Fwp%2Fv2%2Fmedia&parent=113"}],"curies":[{"name":"wp","href":"https:\/\/api.w.org\/{rel}","templated":true}]}}