{"id":11,"date":"2024-09-03T11:51:41","date_gmt":"2024-09-03T11:51:41","guid":{"rendered":"https:\/\/egeciftligi.com.tr\/?page_id=11"},"modified":"2024-09-03T11:52:05","modified_gmt":"2024-09-03T11:52:05","slug":"refund_returns","status":"publish","type":"page","link":"https:\/\/egeciftligi.com.tr\/?page_id=11","title":{"rendered":"\u0130ade ve De\u011fi\u015fim Politikas\u0131"},"content":{"rendered":"\n<p>Reklam D\u00fcnyas\u0131 \u0130ade ve De\u011fi\u015fim Politikas\u0131<\/p>\n\n\n\n<ol class=\"wp-block-list\">\n<li>Genel Bilgiler<\/li>\n<\/ol>\n\n\n\n<p>Reklam D\u00fcnyas\u0131 olarak, m\u00fc\u015fteri memnuniyetini \u00f6n planda tutuyoruz. Sat\u0131n ald\u0131\u011f\u0131n\u0131z \u00fcr\u00fcnlerden memnun kalmaman\u0131z durumunda, iade ve de\u011fi\u015fim hakk\u0131n\u0131z\u0131 kullanabilirsiniz. Bu politika, \u00fcr\u00fcnlerinizi iade etme ve de\u011fi\u015ftirme ko\u015fullar\u0131n\u0131 ve prosed\u00fcrlerini a\u00e7\u0131klamaktad\u0131r.<\/p>\n\n\n\n<ol start=\"2\" class=\"wp-block-list\">\n<li>\u0130ade Ko\u015fullar\u0131 \u2022 \u0130ade S\u00fcresi: \u00dcr\u00fcnlerinizi teslim ald\u0131ktan sonra [14 g\u00fcn] i\u00e7inde iade edebilirsiniz. \u0130ade s\u00fcresi, \u00fcr\u00fcn\u00fcn teslim ald\u0131\u011f\u0131 g\u00fcn itibar\u0131yla ba\u015flar.<br>\u2022 \u00dcr\u00fcn Durumu: \u0130ade etmek istedi\u011finiz \u00fcr\u00fcnlerin kullan\u0131lmam\u0131\u015f, orijinal ambalaj\u0131nda ve etiketleriyle birlikte olmas\u0131 gerekmektedir. \u00dcr\u00fcn\u00fcn kullan\u0131lmam\u0131\u015f ve yeniden sat\u0131labilir durumda olmas\u0131, iade kabul edilebilirli\u011fini sa\u011flamaktad\u0131r.<br>\u2022 \u0130ade \u00dccreti: \u0130ade i\u015flemi s\u0131ras\u0131nda kargo \u00fccreti m\u00fc\u015fteri taraf\u0131ndan kar\u015f\u0131lan\u0131r. \u0130ade kargolar\u0131nda olu\u015fan \u00fccretler iade edilecek \u00fcr\u00fcnlerin bedelinden d\u00fc\u015f\u00fclebilir.<br>\u2022 \u0130ade Talebi: \u0130ade i\u015flemi ba\u015flatmak i\u00e7in m\u00fc\u015fteri hizmetlerimizle ileti\u015fime ge\u00e7meniz gerekmektedir. \u0130ade talebi olu\u015fturduktan sonra, size iade kargo talimatlar\u0131 verilecektir.<br>\u2022 Ki\u015fisel Tasar\u0131m \u00dcr\u00fcnleri: Ki\u015fisel tasar\u0131m \u00fcr\u00fcnlerinde, bizden kaynakl\u0131 bir kusur veya hata bulunmad\u0131\u011f\u0131 s\u00fcrece iade yap\u0131lmamaktad\u0131r. Ki\u015fisel tasar\u0131m \u00fcr\u00fcnleri, \u00f6zel olarak haz\u0131rland\u0131\u011f\u0131ndan, bu t\u00fcr \u00fcr\u00fcnler i\u00e7in iade kabul edilmemektedir.<\/li>\n\n\n\n<li>De\u011fi\u015fim Ko\u015fullar\u0131 \u2022 De\u011fi\u015fim S\u00fcresi: \u00dcr\u00fcnlerinizi teslim ald\u0131ktan sonra [14 g\u00fcn] i\u00e7inde de\u011fi\u015ftirebilirsiniz. De\u011fi\u015fim s\u00fcresi, \u00fcr\u00fcn\u00fcn teslim ald\u0131\u011f\u0131 g\u00fcn itibar\u0131yla ba\u015flar.<br>\u2022 \u00dcr\u00fcn Durumu: De\u011fi\u015ftirmek istedi\u011finiz \u00fcr\u00fcnlerin kullan\u0131lmam\u0131\u015f, orijinal ambalaj\u0131nda ve etiketleriyle birlikte olmas\u0131 gerekmektedir.<br>\u2022 De\u011fi\u015fim \u00dccreti: De\u011fi\u015fim i\u015flemi s\u0131ras\u0131nda kargo \u00fccreti m\u00fc\u015fteri taraf\u0131ndan kar\u015f\u0131lan\u0131r. De\u011fi\u015fim kargolar\u0131nda olu\u015fan \u00fccretler, de\u011fi\u015fim yap\u0131lan \u00fcr\u00fcnlerin bedelinden d\u00fc\u015f\u00fclebilir.<br>\u2022 De\u011fi\u015fim Talebi: De\u011fi\u015fim i\u015flemi ba\u015flatmak i\u00e7in m\u00fc\u015fteri hizmetlerimizle ileti\u015fime ge\u00e7meniz gerekmektedir. De\u011fi\u015fim talebi olu\u015fturduktan sonra, size de\u011fi\u015fim kargo talimatlar\u0131 verilecektir.<\/li>\n\n\n\n<li>\u0130leti\u015fim Bilgileri<\/li>\n<\/ol>\n\n\n\n<p>\u0130ade ve de\u011fi\u015fim s\u00fcre\u00e7leriyle ilgili herhangi bir sorunuz varsa, bize a\u015fa\u011f\u0131daki ileti\u015fim bilgileri arac\u0131l\u0131\u011f\u0131yla ula\u015fabilirsiniz:<\/p>\n\n\n\n<pre class=\"wp-block-code\"><code>\u2022   Adres: &#91;2. Anafartalar Mh. 1508 Sk. No:19 \u015eehzadeler \/ MAN\u0130SA]\n\u2022   E-posta: &#91;info@reklamdunyasi.org]\n\u2022   Telefon: &#91;0507 540 81 81]<\/code><\/pre>\n","protected":false},"excerpt":{"rendered":"<p>Reklam D\u00fcnyas\u0131 \u0130ade ve De\u011fi\u015fim Politikas\u0131 Reklam D\u00fcnyas\u0131 olarak, m\u00fc\u015fteri memnuniyetini \u00f6n planda tutuyoruz. Sat\u0131n ald\u0131\u011f\u0131n\u0131z \u00fcr\u00fcnlerden memnun kalmaman\u0131z durumunda, iade ve de\u011fi\u015fim hakk\u0131n\u0131z\u0131 kullanabilirsiniz. Bu politika, \u00fcr\u00fcnlerinizi iade etme ve de\u011fi\u015ftirme ko\u015fullar\u0131n\u0131 ve prosed\u00fcrlerini a\u00e7\u0131klamaktad\u0131r. \u0130ade ve de\u011fi\u015fim s\u00fcre\u00e7leriyle ilgili herhangi bir sorunuz varsa, bize a\u015fa\u011f\u0131daki ileti\u015fim bilgileri arac\u0131l\u0131\u011f\u0131yla ula\u015fabilirsiniz:<\/p>\n","protected":false},"author":1,"featured_media":0,"parent":0,"menu_order":0,"comment_status":"closed","ping_status":"closed","template":"","meta":{"_kad_post_transparent":"","_kad_post_title":"","_kad_post_layout":"","_kad_post_sidebar_id":"","_kad_post_content_style":"","_kad_post_vertical_padding":"","_kad_post_feature":"","_kad_post_feature_position":"","_kad_post_header":false,"_kad_post_footer":false,"_kad_post_classname":"","footnotes":""},"class_list":["post-11","page","type-page","status-publish","hentry"],"_links":{"self":[{"href":"https:\/\/egeciftligi.com.tr\/index.php?rest_route=\/wp\/v2\/pages\/11","targetHints":{"allow":["GET"]}}],"collection":[{"href":"https:\/\/egeciftligi.com.tr\/index.php?rest_route=\/wp\/v2\/pages"}],"about":[{"href":"https:\/\/egeciftligi.com.tr\/index.php?rest_route=\/wp\/v2\/types\/page"}],"author":[{"embeddable":true,"href":"https:\/\/egeciftligi.com.tr\/index.php?rest_route=\/wp\/v2\/users\/1"}],"replies":[{"embeddable":true,"href":"https:\/\/egeciftligi.com.tr\/index.php?rest_route=%2Fwp%2Fv2%2Fcomments&post=11"}],"version-history":[{"count":2,"href":"https:\/\/egeciftligi.com.tr\/index.php?rest_route=\/wp\/v2\/pages\/11\/revisions"}],"predecessor-version":[{"id":277,"href":"https:\/\/egeciftligi.com.tr\/index.php?rest_route=\/wp\/v2\/pages\/11\/revisions\/277"}],"wp:attachment":[{"href":"https:\/\/egeciftligi.com.tr\/index.php?rest_route=%2Fwp%2Fv2%2Fmedia&parent=11"}],"curies":[{"name":"wp","href":"https:\/\/api.w.org\/{rel}","templated":true}]}}